{"id":607,"date":"2014-01-14T23:08:51","date_gmt":"2014-01-14T22:08:51","guid":{"rendered":"http:\/\/dev.sun-flex.com\/?page_id=607"},"modified":"2024-10-07T19:39:50","modified_gmt":"2024-10-07T17:39:50","slug":"om-oss","status":"publish","type":"page","link":"https:\/\/www.sun-flex.com\/sv\/om-oss\/","title":{"rendered":"Om oss"},"content":{"rendered":"<div class=\"wpb-content-wrapper\"><p>[vc_row][vc_column][vc_column_text]<\/p>\n<hr \/>\n<p>SUN-FLEX\u00ae \u00e4r ett f\u00f6retag som fokuserar p\u00e5 utveckling, tillverkning och distribution av produkter f\u00f6r den moderna kontorsarbetsplatsen.<\/p>\n<p>Med n\u00e4rmare 40 \u00e5rs erfarenhet och insikt i hur den moderna kontorsarbetsplatsen fungerar har vi uppn\u00e5tt en ledande st\u00e4llning i branschen.<\/p>\n<p>SUN-FLEX\u00ae har en stark internationell n\u00e4rvaro i s\u00e5v\u00e4l Asien som Europa och Nordamerika genom ett n\u00e4tverk av distribut\u00f6rer och \u00e5terf\u00f6rs\u00e4ljare.<\/p>\n<p>SUN-FLEX\u00ae produkter \u00e4r utformade f\u00f6r att f\u00f6rb\u00e4ttra s\u00e5v\u00e4l v\u00e4lm\u00e5ende som produktivitet. SUN-FLEX\u00ae erbjuder anv\u00e4ndarv\u00e4nliga l\u00f6sningar p\u00e5 problem som uppst\u00e5r p\u00e5 de flesta arbetsplatser.<\/p>\n<p><img loading=\"lazy\" decoding=\"async\" class=\"wp-image-3236 size-large aligncenter\" src=\"https:\/\/www.sun-flex.com\/wp-content\/uploads\/Sun_Flex_201810_screen-11-700x467.jpg\" alt=\"\" width=\"700\" height=\"467\" srcset=\"https:\/\/www.sun-flex.com\/wp-content\/uploads\/Sun_Flex_201810_screen-11-700x467.jpg 700w, https:\/\/www.sun-flex.com\/wp-content\/uploads\/Sun_Flex_201810_screen-11-250x167.jpg 250w, https:\/\/www.sun-flex.com\/wp-content\/uploads\/Sun_Flex_201810_screen-11-768x512.jpg 768w, https:\/\/www.sun-flex.com\/wp-content\/uploads\/Sun_Flex_201810_screen-11-120x80.jpg 120w, https:\/\/www.sun-flex.com\/wp-content\/uploads\/Sun_Flex_201810_screen-11-390x260.jpg 390w, https:\/\/www.sun-flex.com\/wp-content\/uploads\/Sun_Flex_201810_screen-11-1600x1067.jpg 1600w\" sizes=\"auto, (max-width: 700px) 100vw, 700px\" \/><\/p>\n<p>SUN-FLEX\u00ae arbetar outtr\u00f6ttligt med att utveckla inte bara marknadens b\u00e4sta produkter utan \u00e4ven med att ge v\u00e5ra partners och kunder en m\u00f6jlighet att utvecklas tillsammans med oss. Varum\u00e4rket SUN-FLEX\u00ae \u00e4r en av nycklarna i v\u00e5r verksamhet och det skall genomsyra allt vi g\u00f6r, kundrelationer, produkter, f\u00f6rpackningar, leveranser etc. F\u00f6r oss \u00e4r endast det b\u00e4sta gott nog.[\/vc_column_text][\/vc_column][\/vc_row][vc_row][vc_column][vc_column_text]<\/p>\n<h2>Tidslinje:<\/h2>\n<ul class=\"company_history\">\n<li>Grundat 1986.<\/li>\n<li>Ut\u00f6kad distribution till Danmark, Norge och Finland 1987.<\/li>\n<li>Expansion till \u00f6vriga Europa 1994.<\/li>\n<li>Start av egen produktutveckling och tillverkning 1996.<\/li>\n<li>Distribution till Nordamerika 2000.<\/li>\n<li>Flytt av huvudkontor och lager 2005.<\/li>\n<li>Stort fokus p\u00e5 produktutveckling f\u00f6r e-handelskanaler 2018.<\/li>\n<li>Expansion av distribution till Baltikum 2021.<\/li>\n<li>Flytt av huvudkontor och lager till nybyggda lokaler 2022, d\u00e5 vi vuxit ur de gamla lokalerna.<\/li>\n<\/ul>\n<p>[\/vc_column_text][\/vc_column][\/vc_row]<\/p>\n<\/div>","protected":false},"excerpt":{"rendered":"[vc_row][vc_column][vc_column_text] SUN-FLEX\u00ae \u00e4r ett f\u00f6retag som fokuserar p\u00e5 utveckling, tillverkning och distribution av produkter f\u00f6r den moderna kontorsarbetsplatsen. Med n\u00e4rmare 40 \u00e5rs erfarenhet och insikt i hur den moderna kontorsarbetsplatsen fungerar har vi uppn\u00e5tt en ledande st\u00e4llning i branschen. SUN-FLEX\u00ae har en stark internationell n\u00e4rvaro i s\u00e5v\u00e4l Asien som Europa och Nordamerika genom ett n\u00e4tverk&#8230; <a class=\"view-article\" href=\"https:\/\/www.sun-flex.com\/sv\/om-oss\/\">Visa artikel<\/a>","protected":false},"author":4,"featured_media":0,"parent":0,"menu_order":3,"comment_status":"open","ping_status":"closed","template":"","meta":{"_acf_changed":false,"_monsterinsights_skip_tracking":false,"_monsterinsights_sitenote_active":false,"_monsterinsights_sitenote_note":"","_monsterinsights_sitenote_category":0,"footnotes":""},"class_list":["post-607","page","type-page","status-publish","hentry"],"acf":[],"_links":{"self":[{"href":"https:\/\/www.sun-flex.com\/sv\/wp-json\/wp\/v2\/pages\/607","targetHints":{"allow":["GET"]}}],"collection":[{"href":"https:\/\/www.sun-flex.com\/sv\/wp-json\/wp\/v2\/pages"}],"about":[{"href":"https:\/\/www.sun-flex.com\/sv\/wp-json\/wp\/v2\/types\/page"}],"author":[{"embeddable":true,"href":"https:\/\/www.sun-flex.com\/sv\/wp-json\/wp\/v2\/users\/4"}],"replies":[{"embeddable":true,"href":"https:\/\/www.sun-flex.com\/sv\/wp-json\/wp\/v2\/comments?post=607"}],"version-history":[{"count":22,"href":"https:\/\/www.sun-flex.com\/sv\/wp-json\/wp\/v2\/pages\/607\/revisions"}],"predecessor-version":[{"id":10534,"href":"https:\/\/www.sun-flex.com\/sv\/wp-json\/wp\/v2\/pages\/607\/revisions\/10534"}],"wp:attachment":[{"href":"https:\/\/www.sun-flex.com\/sv\/wp-json\/wp\/v2\/media?parent=607"}],"curies":[{"name":"wp","href":"https:\/\/api.w.org\/{rel}","templated":true}]}}