{"id":5539,"date":"2021-10-11T17:34:58","date_gmt":"2021-10-11T15:34:58","guid":{"rendered":"https:\/\/www.sun-flex.com\/om-oss\/rma\/"},"modified":"2024-03-07T14:17:11","modified_gmt":"2024-03-07T13:17:11","slug":"rma","status":"publish","type":"page","link":"https:\/\/www.sun-flex.com\/sv\/om-oss\/rma\/","title":{"rendered":"RMA"},"content":{"rendered":"<p>F\u00f6r att reklamera eller returnera gods beh\u00f6ver du fylla i ett RMA-dokument enligt nedan.<\/p>\n<p>(RMA = Return Merchandise Authorization)<\/p>\n<p>Enligt v\u00e5ra riktlinjer ska samtliga reklamationer och returer f\u00f6reg\u00e5s av en RMA-ans\u00f6kan.<br \/>\nDetta dokument skall skickas f\u00f6r varje RMA-f\u00f6rfr\u00e5gan.<br \/>\nLadda ner RMA-dokument h\u00e4r.<\/p>\n<p><a href=\"https:\/\/www.sun-flex.com\/wp-content\/uploads\/RMA-SE_sign.pdf\" target=\"_blank\" rel=\"noopener\">RMA SE_sign<\/a><\/p>\n<p>RMA-dokument skickas till <a href=\"mailto:support@sun-flex.com\">support@sun-flex.com<\/a><\/p>\n<p><strong>Inv\u00e4nta<\/strong> svar fr\u00e5n SUN-FLEX AB.<\/p>\n","protected":false},"excerpt":{"rendered":"F\u00f6r att reklamera eller returnera gods beh\u00f6ver du fylla i ett RMA-dokument enligt nedan. (RMA = Return Merchandise Authorization) Enligt v\u00e5ra riktlinjer ska samtliga reklamationer och returer f\u00f6reg\u00e5s av en RMA-ans\u00f6kan. Detta dokument skall skickas f\u00f6r varje RMA-f\u00f6rfr\u00e5gan. Ladda ner RMA-dokument h\u00e4r. RMA SE_sign RMA-dokument skickas till support@sun-flex.com Inv\u00e4nta svar fr\u00e5n SUN-FLEX AB.","protected":false},"author":4,"featured_media":0,"parent":607,"menu_order":22,"comment_status":"closed","ping_status":"closed","template":"","meta":{"_acf_changed":false,"_monsterinsights_skip_tracking":false,"_monsterinsights_sitenote_active":false,"_monsterinsights_sitenote_note":"","_monsterinsights_sitenote_category":0,"footnotes":""},"class_list":["post-5539","page","type-page","status-publish","hentry"],"acf":[],"_links":{"self":[{"href":"https:\/\/www.sun-flex.com\/sv\/wp-json\/wp\/v2\/pages\/5539","targetHints":{"allow":["GET"]}}],"collection":[{"href":"https:\/\/www.sun-flex.com\/sv\/wp-json\/wp\/v2\/pages"}],"about":[{"href":"https:\/\/www.sun-flex.com\/sv\/wp-json\/wp\/v2\/types\/page"}],"author":[{"embeddable":true,"href":"https:\/\/www.sun-flex.com\/sv\/wp-json\/wp\/v2\/users\/4"}],"replies":[{"embeddable":true,"href":"https:\/\/www.sun-flex.com\/sv\/wp-json\/wp\/v2\/comments?post=5539"}],"version-history":[{"count":5,"href":"https:\/\/www.sun-flex.com\/sv\/wp-json\/wp\/v2\/pages\/5539\/revisions"}],"predecessor-version":[{"id":9841,"href":"https:\/\/www.sun-flex.com\/sv\/wp-json\/wp\/v2\/pages\/5539\/revisions\/9841"}],"up":[{"embeddable":true,"href":"https:\/\/www.sun-flex.com\/sv\/wp-json\/wp\/v2\/pages\/607"}],"wp:attachment":[{"href":"https:\/\/www.sun-flex.com\/sv\/wp-json\/wp\/v2\/media?parent=5539"}],"curies":[{"name":"wp","href":"https:\/\/api.w.org\/{rel}","templated":true}]}}