{"id":540,"date":"2014-01-11T22:48:33","date_gmt":"2014-01-11T21:48:33","guid":{"rendered":"http:\/\/sunflexdev.onlinebyran.net\/?page_id=540"},"modified":"2024-10-14T16:32:33","modified_gmt":"2024-10-14T14:32:33","slug":"hem","status":"publish","type":"page","link":"https:\/\/www.sun-flex.com\/sv\/","title":{"rendered":"Hem"},"content":{"rendered":"<h3 style=\"text-align: center;\">F\u00f6r\u00e4dla din arbetsplats med SUN-FLEX<sup>\u00ae<\/sup> \u2013 d\u00e4r funktion m\u00f6ter stil.<\/h3>\n<p style=\"text-align: center;\">H\u00e4r \u00e4r ett urval av v\u00e5rt breda sortiment.<\/p>\n","protected":false},"excerpt":{"rendered":"F\u00f6r\u00e4dla din arbetsplats med SUN-FLEX\u00ae \u2013 d\u00e4r funktion m\u00f6ter stil. H\u00e4r \u00e4r ett urval av v\u00e5rt breda sortiment.","protected":false},"author":4,"featured_media":0,"parent":0,"menu_order":2,"comment_status":"closed","ping_status":"closed","template":"template-front.php","meta":{"_acf_changed":false,"_monsterinsights_skip_tracking":false,"_monsterinsights_sitenote_active":false,"_monsterinsights_sitenote_note":"","_monsterinsights_sitenote_category":0,"footnotes":""},"class_list":["post-540","page","type-page","status-publish","hentry"],"acf":[],"_links":{"self":[{"href":"https:\/\/www.sun-flex.com\/sv\/wp-json\/wp\/v2\/pages\/540","targetHints":{"allow":["GET"]}}],"collection":[{"href":"https:\/\/www.sun-flex.com\/sv\/wp-json\/wp\/v2\/pages"}],"about":[{"href":"https:\/\/www.sun-flex.com\/sv\/wp-json\/wp\/v2\/types\/page"}],"author":[{"embeddable":true,"href":"https:\/\/www.sun-flex.com\/sv\/wp-json\/wp\/v2\/users\/4"}],"replies":[{"embeddable":true,"href":"https:\/\/www.sun-flex.com\/sv\/wp-json\/wp\/v2\/comments?post=540"}],"version-history":[{"count":105,"href":"https:\/\/www.sun-flex.com\/sv\/wp-json\/wp\/v2\/pages\/540\/revisions"}],"predecessor-version":[{"id":10856,"href":"https:\/\/www.sun-flex.com\/sv\/wp-json\/wp\/v2\/pages\/540\/revisions\/10856"}],"wp:attachment":[{"href":"https:\/\/www.sun-flex.com\/sv\/wp-json\/wp\/v2\/media?parent=540"}],"curies":[{"name":"wp","href":"https:\/\/api.w.org\/{rel}","templated":true}]}}