{"id":4507,"date":"2020-12-09T16:03:19","date_gmt":"2020-12-09T15:03:19","guid":{"rendered":"https:\/\/www.sun-flex.com\/?page_id=4507"},"modified":"2021-01-19T17:18:42","modified_gmt":"2021-01-19T16:18:42","slug":"hemmakontor","status":"publish","type":"page","link":"https:\/\/www.sun-flex.com\/sv\/hemmakontor\/","title":{"rendered":"Hemmakontor"},"content":{"rendered":"<p><a href=\"https:\/\/www.sun-flex.com\/sv\/products\/sun-flex_easydesk-pro\/\"><img loading=\"lazy\" decoding=\"async\" class=\"alignright wp-image-4060 size-medium\" src=\"https:\/\/www.sun-flex.com\/wp-content\/uploads\/600708_SUN-FLEX-EASYDESK-PRO_00017_low-250x375.jpg\" alt=\"\" width=\"200\" height=\"300\" srcset=\"https:\/\/www.sun-flex.com\/wp-content\/uploads\/600708_SUN-FLEX-EASYDESK-PRO_00017_low-250x375.jpg 250w, https:\/\/www.sun-flex.com\/wp-content\/uploads\/600708_SUN-FLEX-EASYDESK-PRO_00017_low-768x1152.jpg 768w, https:\/\/www.sun-flex.com\/wp-content\/uploads\/600708_SUN-FLEX-EASYDESK-PRO_00017_low-700x1050.jpg 700w, https:\/\/www.sun-flex.com\/wp-content\/uploads\/600708_SUN-FLEX-EASYDESK-PRO_00017_low-120x180.jpg 120w, https:\/\/www.sun-flex.com\/wp-content\/uploads\/600708_SUN-FLEX-EASYDESK-PRO_00017_low-390x585.jpg 390w, https:\/\/www.sun-flex.com\/wp-content\/uploads\/600708_SUN-FLEX-EASYDESK-PRO_00017_low-1600x2400.jpg 1600w, https:\/\/www.sun-flex.com\/wp-content\/uploads\/600708_SUN-FLEX-EASYDESK-PRO_00017_low.jpg 1667w\" sizes=\"auto, (max-width: 200px) 100vw, 200px\" \/><\/a>Moderna arbetsplatser st\u00e4ller h\u00f6ga krav p\u00e5 att kontorsytan ska vara ergonomiskt anpassad.<br \/>\nNu n\u00e4r m\u00e5nga av oss jobbar hemifr\u00e5n kan det vara en utmaning att f\u00e5 till en bra arbetsplats i hemmet.<br \/>\nR\u00e4tt stol, skrivbord, sk\u00e4rm och belysning kan bidra till en bekv\u00e4m arbetsmilj\u00f6.<\/p>\n<p>Med hj\u00e4lp av SUN-FLEX\u00ae l\u00f6sningar f\u00f6r hemmakontoret f\u00e5r man en ergonomisk riktig arbetsplats som tar liten plats! V\u00e4lj <a href=\"https:\/\/www.sun-flex.com\/sv\/products\/sun-flex_easydesk-pro\/\">SUN-FLEX\u00aeEASYDESK PRO<\/a> tillsammans med <a href=\"https:\/\/www.sun-flex.com\/sv\/products\/sun-flex_active\/\">SUN-FLEX\u00aeACTIVE<\/a>, bord och stol f\u00f6r den lilla arbetsplatsen!<\/p>\n<p>V\u00e4lj <a href=\"https:\/\/www.sun-flex.com\/sv\/products\/sun-flexeasydesk-elite\/\">SUN-FLEX\u00aeEASYDESK ELITE<\/a> ett h\u00f6j- och s\u00e4nkbart bord med app-kontroll och ta kontroll \u00f6ver din arbetsdag! St\u00e5 upp, sitt ner och f\u00e5 p\u00e5minnelser och statistik i appen!<\/p>\n<p>Det kompletta hemmakontoret med aktivt sittande och st\u00e5ende. Tack vare kombinationen <a href=\"https:\/\/www.sun-flex.com\/sv\/products\/sun-flex_easydesk-pro\/\">SUN-FLEX\u00aeEASYDESK PRO<\/a>, <a href=\"https:\/\/www.sun-flex.com\/sv\/products\/sun-flex_active\/\">SUN-FLEX\u00aeACTIVE<\/a> och <a href=\"https:\/\/www.sun-flex.com\/sv\/products\/sun-flex-standmatboost\/\">SUN-FLEX\u00aeStandMat\u2122Boost<\/a> skapar du en arbetsplats som \u00e4r v\u00e4l utformad p\u00e5 mycket liten yta!<\/p>\n<p>H\u00e4r f\u00f6ljer n\u00e5gra tips p\u00e5 hur du skapar en riktigt bra ergonomisk arbetsyta och \u00e4ven n\u00e5gra tips p\u00e5 hur du kan inreda hemmakontoret.<\/p>\n<h3>Aktivt st\u00e5ende<\/h3>\n<p>Ett arbetsbord som \u00e4r justerbart i h\u00f6jd \u00e4r idealiskt eftersom du d\u00e5 kan \u00e4ndra st\u00e4llning ofta.<\/p>\n<p><strong>F\u00f6rdelar:<\/strong><\/p>\n<ul>\n<li>N\u00e4r du v\u00e4xlar mellan att sitta och st\u00e5 minskar du risken f\u00f6r skador.<\/li>\n<li>Du \u00f6kar blodcirkulationen \u2013 och produktiviteten.<\/li>\n<\/ul>\n<p><strong>T\u00e4nk p\u00e5:<\/strong><\/p>\n<ul>\n<li>Att arbetsbordet skall vara enkelt att montera<\/li>\n<li>Att arbetsbordet skall vara enkelt att flytta och st\u00e4lla undan<\/li>\n<\/ul>\n<h3>Aktivt sittande<\/h3>\n<p>Med ett h\u00f6j- och s\u00e4nkbart skrivbord kan du variera h\u00f6jden under arbetsdagen. Har du en aktivitetsstol varierar du enklare mellan sittande och st\u00e5ende..<\/p>\n<p><strong>F\u00f6rdelar: <\/strong><\/p>\n<ul>\n<li>Du kan r\u00f6ra \u00f6ver- och underkroppen fritt.<\/li>\n<li>Det aktiverar och st\u00e4rker b\u00e5lmusklerna.<\/li>\n<li>Du f\u00e5r en \u00f6ppen st\u00e4llning som f\u00f6rb\u00e4ttrar blodcirkulationen och \u00e4mnesoms\u00e4ttningen.<\/li>\n<li>En aktivitetsstol tar mycket liten plats.<\/li>\n<\/ul>\n<h3>Att st\u00e5 upp \u00e4r bra f\u00f6r din kropp!<\/h3>\n<p>N\u00e4r du arbetar hemma \u00e4r det bra att variera mellan sittande och st\u00e5ende. T\u00e4nk p\u00e5 att st\u00e5 upp l\u00e5nga stunder kan vara tr\u00f6ttande f\u00f6r rygg, h\u00f6fter, ben och f\u00f6tter komplettera d\u00e4rf\u00f6r g\u00e4rna med en mjuk st\u00e5matta. V\u00e4ljer du st\u00e5matta med \u201dmassagepunkter\u201d f\u00e5r du ju dessutom massage p\u00e5 arbetstid!<\/p>\n<p>Den mjuka mattan \u00e4r avlastande och motverkar tr\u00f6tthet i ben, f\u00f6tter, axlar och rygg. Ge dig sj\u00e4lv en mer ergonomisk arbetsst\u00e4llning som du kan h\u00e5lla l\u00e4nge innan tr\u00f6ttheten knackar dig p\u00e5 axeln.<\/p>\n<h3>Arbetsgivare<\/h3>\n<p>Arbetsmilj\u00f6lagen g\u00f6r ingen skillnad p\u00e5 om arbete utf\u00f6rs p\u00e5 f\u00f6retaget eller p\u00e5 annan adress s\u00e5som hemmet. Arbetsgivaren har ansvar att se till att alla arbetsplatser fungerar bra och ergonomiskt f\u00f6r att undvika f\u00f6rslitningsskador. Viktigt att t\u00e4nka p\u00e5 \u00e4r varierad arbetsst\u00e4llning, aktiv arbetsplats och produkter f\u00f6r att s\u00e4kerst\u00e4lla detta.<\/p>\n<h3>Arbetstagare<\/h3>\n<p>Som arbetstagare \u00e4r det viktigt att din arbetsplats, oavsett om den \u00e4r p\u00e5 f\u00f6retaget eller p\u00e5 annan adress s\u00e5som hemmet \u00e4r anpassad utefter dina f\u00f6ruts\u00e4ttningar. Se till att du har l\u00f6sningar och produkter som hj\u00e4lper dig med detta, det kan vara allt fr\u00e5n aktiva stolar, h\u00f6j- och s\u00e4nkbara bord s\u00e5 att du kan variera mellan sittande och st\u00e5ende och bra belysningsarmaturer.<\/p>\n<h3>L\u00f6nsamt<\/h3>\n<p>Att investera i medarbetare och deras v\u00e4lm\u00e5ende \u00e4r en god och l\u00f6nsam investering. D\u00e5 hemmakontoret \u00e4r en vanlig del av arbetsplatsen, ger man alla anst\u00e4llda m\u00f6jligheten att m\u00e5 bra och fungera p\u00e5 arbetet.<\/p>\n<p>SUN-FLEX\u00ae produkter och l\u00f6sningar \u00e4r framtagna f\u00f6r att passa det moderna f\u00f6retaget s\u00e5v\u00e4l som hemmakontoret i allt fr\u00e5n produktdesign till f\u00f6rpackning och transport hem till d\u00f6rren.<\/p>\n<p>Kontakta g\u00e4rna oss p\u00e5 <a href=\"mailto:info@sun-flex.com\">info@sun-flex.com<\/a> s\u00e5 hj\u00e4lper vi dig med din hemarbetsplats!<\/p>\n<p><a href=\"https:\/\/www.sun-flex.com\/wp-content\/uploads\/SUN-FLEX-HEMMA_4-page_SV_2021_webb.pdf\" target=\"_blank\" rel=\"noopener noreferrer\">Se v\u00e5r broschyr om HEMMAKONTOR<\/a><\/p>\n<script type=\"text\/javascript\">jQuery(function() { _initLayerSlider( '#layerslider_28_8v8eatfmm34j', {createdWith: '6.7.6', sliderVersion: '6.7.6', allowFullscreen: true, startInViewport: false, skin: 'v6', sliderFadeInDuration: 350, useSrcset: true, skinsPath: 'https:\/\/www.sun-flex.com\/wp-content\/plugins\/LayerSlider\/assets\/static\/layerslider\/skins\/', performanceMode: true}); });<\/script><div id=\"layerslider_28_8v8eatfmm34j\"  class=\"ls-wp-container fitvidsignore ls-selectable\" style=\"width:1280px;height:720px;margin:0 auto;margin-bottom: 0px;\"><div class=\"ls-slide\" data-ls=\"bgsize:contain;duration:2000;\"><img loading=\"lazy\" decoding=\"async\" width=\"3331\" height=\"5008\" src=\"https:\/\/www.sun-flex.com\/wp-content\/uploads\/600708_SUN-FLEX_EASYDESK_PRO_00004_high.jpg?69e27686e18be\" class=\"ls-bg\" alt=\"\" srcset=\"https:\/\/www.sun-flex.com\/wp-content\/uploads\/600708_SUN-FLEX_EASYDESK_PRO_00004_high.jpg 3331w, https:\/\/www.sun-flex.com\/wp-content\/uploads\/600708_SUN-FLEX_EASYDESK_PRO_00004_high-250x376.jpg 250w, https:\/\/www.sun-flex.com\/wp-content\/uploads\/600708_SUN-FLEX_EASYDESK_PRO_00004_high-768x1155.jpg 768w, https:\/\/www.sun-flex.com\/wp-content\/uploads\/600708_SUN-FLEX_EASYDESK_PRO_00004_high-700x1052.jpg 700w, https:\/\/www.sun-flex.com\/wp-content\/uploads\/600708_SUN-FLEX_EASYDESK_PRO_00004_high-120x180.jpg 120w, https:\/\/www.sun-flex.com\/wp-content\/uploads\/600708_SUN-FLEX_EASYDESK_PRO_00004_high-390x586.jpg 390w, https:\/\/www.sun-flex.com\/wp-content\/uploads\/600708_SUN-FLEX_EASYDESK_PRO_00004_high-1600x2406.jpg 1600w\" sizes=\"auto, (max-width: 3331px) 100vw, 3331px\" \/><a href=\"https:\/\/www.sun-flex.com\/sv\/products\/sun-flex_easydesk-pro\/\" target=\"_self\" class=\"ls-link ls-link-on-top\"><\/a><\/div><div class=\"ls-slide\" data-ls=\"bgsize:contain;duration:2000;\"><img loading=\"lazy\" decoding=\"async\" width=\"2500\" height=\"1667\" src=\"https:\/\/www.sun-flex.com\/wp-content\/uploads\/610803-SUN-FLEX-EASYDESK-ELITE-black-with-screen-0011_icon_low-2.jpg?69e27686e4fc5\" class=\"ls-bg\" alt=\"\" srcset=\"https:\/\/www.sun-flex.com\/wp-content\/uploads\/610803-SUN-FLEX-EASYDESK-ELITE-black-with-screen-0011_icon_low-2.jpg 2500w, https:\/\/www.sun-flex.com\/wp-content\/uploads\/610803-SUN-FLEX-EASYDESK-ELITE-black-with-screen-0011_icon_low-2-250x167.jpg 250w, https:\/\/www.sun-flex.com\/wp-content\/uploads\/610803-SUN-FLEX-EASYDESK-ELITE-black-with-screen-0011_icon_low-2-700x467.jpg 700w, https:\/\/www.sun-flex.com\/wp-content\/uploads\/610803-SUN-FLEX-EASYDESK-ELITE-black-with-screen-0011_icon_low-2-150x100.jpg 150w, https:\/\/www.sun-flex.com\/wp-content\/uploads\/610803-SUN-FLEX-EASYDESK-ELITE-black-with-screen-0011_icon_low-2-768x512.jpg 768w, https:\/\/www.sun-flex.com\/wp-content\/uploads\/610803-SUN-FLEX-EASYDESK-ELITE-black-with-screen-0011_icon_low-2-1536x1024.jpg 1536w, https:\/\/www.sun-flex.com\/wp-content\/uploads\/610803-SUN-FLEX-EASYDESK-ELITE-black-with-screen-0011_icon_low-2-2048x1366.jpg 2048w, https:\/\/www.sun-flex.com\/wp-content\/uploads\/610803-SUN-FLEX-EASYDESK-ELITE-black-with-screen-0011_icon_low-2-120x80.jpg 120w, https:\/\/www.sun-flex.com\/wp-content\/uploads\/610803-SUN-FLEX-EASYDESK-ELITE-black-with-screen-0011_icon_low-2-390x260.jpg 390w, https:\/\/www.sun-flex.com\/wp-content\/uploads\/610803-SUN-FLEX-EASYDESK-ELITE-black-with-screen-0011_icon_low-2-1600x1067.jpg 1600w\" sizes=\"auto, (max-width: 2500px) 100vw, 2500px\" \/><a href=\"https:\/\/www.sun-flex.com\/sv\/products\/sun-flexeasydesk-elite\/\" target=\"_self\" class=\"ls-link ls-link-on-top\"><\/a><\/div><div class=\"ls-slide\" data-ls=\"bgsize:contain;duration:2000;\"><img loading=\"lazy\" decoding=\"async\" width=\"1663\" height=\"2500\" src=\"https:\/\/www.sun-flex.com\/wp-content\/uploads\/250200_SUN-FLEX_ACTIVE_wobble_text_low.jpg?69e27686e81f9\" class=\"ls-bg\" alt=\"\" srcset=\"https:\/\/www.sun-flex.com\/wp-content\/uploads\/250200_SUN-FLEX_ACTIVE_wobble_text_low.jpg 1663w, https:\/\/www.sun-flex.com\/wp-content\/uploads\/250200_SUN-FLEX_ACTIVE_wobble_text_low-250x376.jpg 250w, https:\/\/www.sun-flex.com\/wp-content\/uploads\/250200_SUN-FLEX_ACTIVE_wobble_text_low-700x1052.jpg 700w, https:\/\/www.sun-flex.com\/wp-content\/uploads\/250200_SUN-FLEX_ACTIVE_wobble_text_low-768x1155.jpg 768w, https:\/\/www.sun-flex.com\/wp-content\/uploads\/250200_SUN-FLEX_ACTIVE_wobble_text_low-1022x1536.jpg 1022w, https:\/\/www.sun-flex.com\/wp-content\/uploads\/250200_SUN-FLEX_ACTIVE_wobble_text_low-1362x2048.jpg 1362w, https:\/\/www.sun-flex.com\/wp-content\/uploads\/250200_SUN-FLEX_ACTIVE_wobble_text_low-120x180.jpg 120w, https:\/\/www.sun-flex.com\/wp-content\/uploads\/250200_SUN-FLEX_ACTIVE_wobble_text_low-390x586.jpg 390w, https:\/\/www.sun-flex.com\/wp-content\/uploads\/250200_SUN-FLEX_ACTIVE_wobble_text_low-1600x2405.jpg 1600w\" sizes=\"auto, (max-width: 1663px) 100vw, 1663px\" \/><a href=\"https:\/\/www.sun-flex.com\/sv\/products\/sun-flex_active\/\" target=\"_self\" class=\"ls-link ls-link-on-top\"><\/a><\/div><div class=\"ls-slide\" data-ls=\"bgsize:contain;duration:2000;\"><img loading=\"lazy\" decoding=\"async\" width=\"5815\" height=\"4884\" src=\"https:\/\/www.sun-flex.com\/wp-content\/uploads\/2018-06-15-Sun-Flex-016.jpg?69e27686eca0d\" class=\"ls-bg\" alt=\"\" srcset=\"https:\/\/www.sun-flex.com\/wp-content\/uploads\/2018-06-15-Sun-Flex-016.jpg 5815w, https:\/\/www.sun-flex.com\/wp-content\/uploads\/2018-06-15-Sun-Flex-016-250x210.jpg 250w, https:\/\/www.sun-flex.com\/wp-content\/uploads\/2018-06-15-Sun-Flex-016-768x645.jpg 768w, https:\/\/www.sun-flex.com\/wp-content\/uploads\/2018-06-15-Sun-Flex-016-700x588.jpg 700w, https:\/\/www.sun-flex.com\/wp-content\/uploads\/2018-06-15-Sun-Flex-016-120x101.jpg 120w, https:\/\/www.sun-flex.com\/wp-content\/uploads\/2018-06-15-Sun-Flex-016-390x328.jpg 390w, https:\/\/www.sun-flex.com\/wp-content\/uploads\/2018-06-15-Sun-Flex-016-1600x1344.jpg 1600w\" sizes=\"auto, (max-width: 5815px) 100vw, 5815px\" \/><a href=\"https:\/\/www.sun-flex.com\/sv\/products\/sun-flex-standmatboost\/\" target=\"_self\" class=\"ls-link ls-link-on-top\"><\/a><\/div><div class=\"ls-slide\" data-ls=\"bgsize:contain;duration:2000;\"><img loading=\"lazy\" decoding=\"async\" width=\"707\" height=\"202\" src=\"https:\/\/www.sun-flex.com\/wp-content\/uploads\/QLITE_jumbotrone_wide.png?69e27686ee934\" class=\"ls-bg\" alt=\"\" srcset=\"https:\/\/www.sun-flex.com\/wp-content\/uploads\/QLITE_jumbotrone_wide.png 707w, https:\/\/www.sun-flex.com\/wp-content\/uploads\/QLITE_jumbotrone_wide-250x71.png 250w, https:\/\/www.sun-flex.com\/wp-content\/uploads\/QLITE_jumbotrone_wide-700x200.png 700w, https:\/\/www.sun-flex.com\/wp-content\/uploads\/QLITE_jumbotrone_wide-120x34.png 120w, https:\/\/www.sun-flex.com\/wp-content\/uploads\/QLITE_jumbotrone_wide-390x111.png 390w\" sizes=\"auto, (max-width: 707px) 100vw, 707px\" \/><a href=\"https:\/\/www.sun-flex.com\/sv\/products\/sun-flexqlite\/\" target=\"_self\" class=\"ls-link ls-link-on-top\"><\/a><\/div><\/div>\n","protected":false},"excerpt":{"rendered":"Moderna arbetsplatser st\u00e4ller h\u00f6ga krav p\u00e5 att kontorsytan ska vara ergonomiskt anpassad. Nu n\u00e4r m\u00e5nga av oss jobbar hemifr\u00e5n kan det vara en utmaning att f\u00e5 till en bra arbetsplats i hemmet. R\u00e4tt stol, skrivbord, sk\u00e4rm och belysning kan bidra till en bekv\u00e4m arbetsmilj\u00f6. Med hj\u00e4lp av SUN-FLEX\u00ae l\u00f6sningar f\u00f6r hemmakontoret f\u00e5r man en ergonomisk&#8230; <a class=\"view-article\" href=\"https:\/\/www.sun-flex.com\/sv\/hemmakontor\/\">Visa artikel<\/a>","protected":false},"author":4,"featured_media":0,"parent":0,"menu_order":0,"comment_status":"closed","ping_status":"closed","template":"","meta":{"_acf_changed":false,"_monsterinsights_skip_tracking":false,"_monsterinsights_sitenote_active":false,"_monsterinsights_sitenote_note":"","_monsterinsights_sitenote_category":0,"footnotes":""},"class_list":["post-4507","page","type-page","status-publish","hentry"],"acf":[],"_links":{"self":[{"href":"https:\/\/www.sun-flex.com\/sv\/wp-json\/wp\/v2\/pages\/4507","targetHints":{"allow":["GET"]}}],"collection":[{"href":"https:\/\/www.sun-flex.com\/sv\/wp-json\/wp\/v2\/pages"}],"about":[{"href":"https:\/\/www.sun-flex.com\/sv\/wp-json\/wp\/v2\/types\/page"}],"author":[{"embeddable":true,"href":"https:\/\/www.sun-flex.com\/sv\/wp-json\/wp\/v2\/users\/4"}],"replies":[{"embeddable":true,"href":"https:\/\/www.sun-flex.com\/sv\/wp-json\/wp\/v2\/comments?post=4507"}],"version-history":[{"count":17,"href":"https:\/\/www.sun-flex.com\/sv\/wp-json\/wp\/v2\/pages\/4507\/revisions"}],"predecessor-version":[{"id":4721,"href":"https:\/\/www.sun-flex.com\/sv\/wp-json\/wp\/v2\/pages\/4507\/revisions\/4721"}],"wp:attachment":[{"href":"https:\/\/www.sun-flex.com\/sv\/wp-json\/wp\/v2\/media?parent=4507"}],"curies":[{"name":"wp","href":"https:\/\/api.w.org\/{rel}","templated":true}]}}