{"id":2504,"date":"2018-05-22T15:31:10","date_gmt":"2018-05-22T13:31:10","guid":{"rendered":"http:\/\/www.sun-flex.com\/?page_id=2504"},"modified":"2019-06-13T12:46:51","modified_gmt":"2019-06-13T10:46:51","slug":"integritetspolicy","status":"publish","type":"page","link":"https:\/\/www.sun-flex.com\/sv\/om-oss\/integritetspolicy\/","title":{"rendered":"Integritetspolicy \/ GDPR"},"content":{"rendered":"<p>Senaste uppdaterad: 2018-05-15<\/p>\n<hr \/>\n<h2>Introduktion<\/h2>\n<p>Detta dokument f\u00f6rklarar hur vi samlar in, lagrar, skyddar och anv\u00e4nder personuppgifter. Med begreppet personuppgift syftar vi till upplysningar som direkt eller indirekt kan identifiera en fysisk person. Exempel p\u00e5 personuppgifter kan vara namn, adress, e-mailadress, telefonnummer och personnummer. Begreppet behandling syftar till allt det som personuppgifterna anv\u00e4nds f\u00f6r. Exempel p\u00e5 behandlingar \u00e4r insamling, registrering, lagring, samk\u00f6rning och radering.<\/p>\n<p>Att h\u00e5lla dina personuppgifter trygga och s\u00e4kra \u00e4r viktigt f\u00f6r oss. Skulle du ha n\u00e5gra funderingar eller fr\u00e5gor g\u00e4llandes denna policy \u00e4r du v\u00e4lkommen att maila oss p\u00e5 info@sun-flex.com.<\/p>\n<p>Sun-Flex uppdaterar denna integritetspolicy med j\u00e4mna mellanrum. N\u00e4r detta sker \u00e4ndras datumet f\u00f6r \u201duppdaterad\u201d h\u00f6gst upp p\u00e5 f\u00f6rstasidan av integritetspolicyn. Om v\u00e4sentliga f\u00f6r\u00e4ndringar genomf\u00f6rts i integritetspolicyn kommer Sun-Flex att meddela detta genom att placera ett tydligt meddelande p\u00e5 webbplatsen och eventuellt meddela dig per e-post. Vi uppmanar dig att regelbundet l\u00e4sa igenom denna policy f\u00f6r att h\u00e5lla dig informerad om hur vi hj\u00e4lper till att skydda din information.<\/p>\n<p>Genom att anv\u00e4nda v\u00e5r webbplats godk\u00e4nner du denna integritetspolicy.<\/p>\n<hr \/>\n<h2>Personuppgiftsansvarig<\/h2>\n<ul>\n<li>Fridstiernan AB\/Sun-Flex<\/li>\n<li>Org.nr: 556237-6771<\/li>\n<li>Tegelbruksv\u00e4gen 1<\/li>\n<li>517 91 Bollebygd<\/li>\n<\/ul>\n<hr \/>\n<h2>Var lagras och behandlas dina uppgifter?<\/h2>\n<p>Sun-Flex str\u00e4var efter att alltid lagra dina uppgifter inom EU\/ESS.<br \/>\nMed undantag f\u00f6r vad som anges nedan kommer de person- och f\u00f6retagsuppgifter som du uppger p\u00e5 denna webbplats inte f\u00f6ras vidare utanf\u00f6r Sun-Flex och dess kontrollerade dotterbolag och n\u00e4rst\u00e5ende bolag utan ditt tillst\u00e5nd.<br \/>\nSun-Flex kan komma att l\u00e4mna ut dina person- och f\u00f6retagsuppgifter om lagen s\u00e5 kr\u00e4ver, eller om Sun-Flex i god tro anser att detta \u00e4r n\u00f6dv\u00e4ndigt f\u00f6r att:<\/p>\n<ol type=\"a\">\n<li>uppfylla f\u00f6reskrifter i lag eller r\u00e4tta sig efter ett r\u00e4ttsligt beslut som delgivits Sun-Flex eller webbplatsen<\/li>\n<li>skydda och f\u00f6rsvara r\u00e4ttigheter eller egendom tillh\u00f6rande Sun-Flex och webbplatsen<\/li>\n<li>under extraordin\u00e4ra omst\u00e4ndigheter skydda den personliga s\u00e4kerheten f\u00f6r anv\u00e4ndare av Sun-Flex tj\u00e4nster, dess webbplatser eller personer ur allm\u00e4nheten<\/li>\n<\/ol>\n<hr \/>\n<h2>Vilken information samlar vi in och hur behandlar vi den?<\/h2>\n<p>Uppgifterna lagras s\u00e5 l\u00e4nge du har ett konto hos oss. Du kan n\u00e4rsomhelst kontakta oss f\u00f6r att avsluta ditt konto och f\u00e5 dina uppgifter raderade.<\/p>\n<h3>Vid ett k\u00f6p<\/h3>\n<p><strong>De uppgifter som efterfr\u00e5gas f\u00f6r att kunna administrera, hantera och genomf\u00f6ra ett k\u00f6p \u00e4r:<\/strong><\/p>\n<ul>\n<li>Namn<\/li>\n<li>Organisations- eller personnummer<\/li>\n<li>Kontaktinformation (adress, e-post och telefonnummer)<\/li>\n<li>Eventuell faktureringsadress<\/li>\n<li>Betalningsinformation<\/li>\n<li>K\u00f6pinformation (vilka produkter som best\u00e4llts)<\/li>\n<\/ul>\n<p>De behandlingar som g\u00f6rs i samband med ett k\u00f6p \u00e4r identifikation, leverans, hantering av betalning, kreditkontroll, adresskontroll och eventuell hantering av reklamations- eller garanti\u00e4renden.<br \/>\nDenna insamling och behandling av uppgifter \u00e4r n\u00f6dv\u00e4ndig f\u00f6r att vi ska kunna fullg\u00f6ra k\u00f6peavtalet.<\/p>\n<h3>Kundtj\u00e4nst\u00e4renden<\/h3>\n<p>F\u00f6r att kunna hantera kundtj\u00e4nst\u00e4renden behandlar vi vissa personuppgifter. Detta g\u00e4ller n\u00e4r du st\u00e4ller en fr\u00e5ga till kundtj\u00e4nst genom telefon, mail, fr\u00e5geformul\u00e4r eller sociala medier. Vi beh\u00f6ver i vissa fall uppgifter f\u00f6r att kunna identifiera kundkonto och order.<\/p>\n<p><strong>De uppgifter som kan komma att behandlas \u00e4r:<\/strong><\/p>\n<ul>\n<li>Namn<\/li>\n<li>Organisations- eller personnummer<\/li>\n<li>Ordernummer- eller kundnummer<\/li>\n<li>Kontaktinformation<\/li>\n<li>\u00c4rendehistorik<\/li>\n<li>Orderhistorik<\/li>\n<li>Teknisk information (exempelvis serienummer)<\/li>\n<\/ul>\n<p>Denna behandling har laglig grund i v\u00e5rt och kundens ber\u00e4ttigande intresse. Lagringen av dessa uppgifter g\u00e4ller till dess att \u00e4rendet \u00e4r avslutat.<\/p>\n<h3>Marknadsf\u00f6ring<\/h3>\n<p>Vi behandlar kunduppgifter f\u00f6r att analysera och hantera statistik. Detta f\u00f6r att kunna skapa och erbjuda relevanta erbjudanden till dig g\u00e4llandes v\u00e5ra produkter och tj\u00e4nster.<\/p>\n<p><strong>De uppgifter som samlas in f\u00f6r detta \u00e4ndam\u00e5l \u00e4r:<\/strong><\/p>\n<ul>\n<li>Namn<\/li>\n<li>Adress<\/li>\n<li>Telefonnummer<\/li>\n<li>E-postadress<\/li>\n<li>IP-adress<\/li>\n<li>Enhetsinformation<\/li>\n<li>Geografisk information<\/li>\n<\/ul>\n<p>Det ligger i v\u00e5rt ber\u00e4ttigande intresse att marknadsf\u00f6ra oss genom e-post, brev, telefon eller sociala medier. Du kan avregistrera dig fr\u00e5n v\u00e5ra utskick genom att klicka i \u201davregistrera\u201d l\u00e4ngst ned i ett e-postutskick alternativt kontakta v\u00e5r kundtj\u00e4nst. Vi lagrar uppgifterna till dess att du nekar e-postmarknadsf\u00f6ring.<\/p>\n<h3>Utveckling av webbplats<\/h3>\n<p>F\u00f6r att kunna f\u00f6rb\u00e4ttra, utveckla och utv\u00e4rdera v\u00e5r webbplats och tj\u00e4nster samlar vi in och analyserar uppgifter kring hur v\u00e5r webbplats anv\u00e4nds. Exempel p\u00e5 hur uppgifterna kan anv\u00e4ndas \u00e4r f\u00f6r att kunna erbjuda relevanta produktf\u00f6rslag eller f\u00f6rb\u00e4ttra anv\u00e4ndarupplevelsen.<\/p>\n<p><strong>De uppgifter som samlas in f\u00f6r detta \u00e4ndam\u00e5l \u00e4r:<\/strong><\/p>\n<ul>\n<li>IP-adress<\/li>\n<li>Typ av browser<\/li>\n<li>Geografisk ort<\/li>\n<li>Operativsystem<\/li>\n<li>Plattform<\/li>\n<li>Dom\u00e4nnamn<\/li>\n<li>K\u00f6p- och anv\u00e4ndargenererad data (t.ex. klick- och bes\u00f6kshistorik)<\/li>\n<li>Popul\u00e4ra s\u00f6kningar<\/li>\n<li>Referenser fr\u00e5n andra webbplatser<\/li>\n<\/ul>\n<p>Denna behandling har laglig grund i v\u00e5rt och kundens ber\u00e4ttigande intresse f\u00f6r att utveckla sidan. Lagringen av dessa uppgifter sker fr\u00e5n insamlingsdatum.<br \/>\nF\u00f6r att f\u00f6rhindra missbruk av en tj\u00e4nst eller f\u00f6r att f\u00f6rhindra, f\u00f6rebygga och utreda brott mot f\u00f6retaget.<\/p>\n<p>Vi behandlar vissa kunduppgifter f\u00f6r att kunna uppt\u00e4cka, f\u00f6rebygga och f\u00f6rhindra olika typer av brott. Exempel p\u00e5 brott och missbruk av tj\u00e4nsterna som vi med s\u00e4kerhets\u00e5tg\u00e4rder vill f\u00f6rhindra \u00e4r bedr\u00e4geri och virusattacker.<\/p>\n<p><strong>De uppgifter som samlas in och behandlas f\u00f6r detta \u00e4ndam\u00e5l \u00e4r:<\/strong><\/p>\n<ul>\n<li>Teknisk data (t.ex. IP-adress, operativsystem, plattform och webbl\u00e4sarinst\u00e4llningar)<\/li>\n<li>Organisations- eller personnummer<\/li>\n<li>K\u00f6p- och anv\u00e4ndargenererad data (t.ex. klick- och bes\u00f6kshistorik)<\/li>\n<li>Uppgifter om hur v\u00e5ra tj\u00e4nster anv\u00e4nds<\/li>\n<\/ul>\n<p>Den lagliga grunden f\u00f6r denna insamling kan vara f\u00f6r att fullg\u00f6ra en r\u00e4ttslig f\u00f6rpliktelse. Alternativt ligger det i v\u00e5rt ber\u00e4ttigade intresse att uppr\u00e4tth\u00e5lla s\u00e4kerheten p\u00e5 webbplatsen eller f\u00f6rhindra, f\u00f6rebygga och utreda brott mot f\u00f6retaget.<\/p>\n<hr \/>\n<h2>Cookies<\/h2>\n<p>V\u00e5r webbplats anv\u00e4nder \u201dcookies\u201d f\u00f6r att hj\u00e4lpa dig att f\u00e5 en personligt anpassad internetupplevelse och \u201dsession-cookies\u201d f\u00f6r att hantera ditt bes\u00f6k, s\u00e5som inneh\u00e5llet i din kundvagn, vilka sidor du ska komma till n\u00e4r du klickar p\u00e5 en l\u00e4nk etcetera.<\/p>\n<p>En cookie \u00e4r en textfil som sparas ned p\u00e5 din dator (efter ditt godk\u00e4nnande) och ger dig tillg\u00e5ng till flera olika funktioner p\u00e5 webbplatsen. Cookie-filer kan inte anv\u00e4ndas f\u00f6r att k\u00f6ra program eller leverera virus till din dator. En cookie \u00e4r unikt tilldelad dig och kan endast l\u00e4sas av en webbserver i den dom\u00e4n som utf\u00e4rdade cookie-filen till dig. Ett av huvudsyftena med cookie-filer \u00e4r att ange f\u00f6r webbservern att du \u00e5terv\u00e4nt till en specifik webbsida, s\u00e5 att du kan f\u00e5 en personligt anpassad upplevelse n\u00e4r du bes\u00f6ker sidan igen.<\/p>\n<p>Du kan v\u00e4lja om du vill acceptera en cookie eller inte. De flesta webbl\u00e4sare accepterar cookie-filer automatiskt, men det g\u00e5r vanligtvis att \u00e4ndra inst\u00e4llningarna till att inte acceptera cookie-filer om du f\u00f6redrar det.<\/p>\n<p>V\u00e4ljer du att acceptera cookie-filer kan du \u00e4ven v\u00e4lja att automatiskt logga in p\u00e5 v\u00e5r webbplats. Om du st\u00e4nger av funktionen \u00e4r det m\u00f6jligt att du inte kan utnyttja funktioner p\u00e5 webbplatsen. Observera att vissa brandv\u00e4ggar st\u00e4nger av hanteringen av cookies, och m\u00e5ste d\u00e5 konfigureras f\u00f6r att webbplatsen ska fungera som \u00f6nskas.<\/p>\n<hr \/>\n<h3>Dina r\u00e4ttigheter<\/h3>\n<p><strong>R\u00e4tt att bli raderad<\/strong> \u2013 du har r\u00e4tt till att n\u00e4rsomhelst beg\u00e4ra att dina uppgifter hos oss blir raderade. Om vi enligt lagen inte har r\u00e4tt att radera all information, exempelvis f\u00f6r att f\u00f6lja bokf\u00f6ringslagen, kommer vi informera dig om vilka uppgifter detta handlar om.<\/p>\n<p><strong>R\u00e4tt till r\u00e4ttelse<\/strong> \u2013 du har r\u00e4tt att kontakta oss f\u00f6r att f\u00e5 dina kunduppgifter r\u00e4ttade.<\/p>\n<p><strong>R\u00e4tt till information och tillg\u00e5ng till dina kunduppgifter<\/strong> \u2013 du kan kontakta oss f\u00f6r att f\u00e5 ett utdrag p\u00e5 vilka kategorier av uppgifter vi lagrat och i vilket syfte. Detta sker normalt inom en m\u00e5nad, skulle en f\u00f6rdr\u00f6jning vara n\u00f6dv\u00e4ndig kontaktar vi dig.<\/p>\n<p><strong>R\u00e4tt till dataportabilitet<\/strong> \u2013 du har r\u00e4tt att f\u00e5 ut dina uppgifter f\u00f6r att kunna \u00f6verf\u00f6ra dessa till n\u00e5gon annan. Dessa uppgifter l\u00e4mnas ut i ett maskinl\u00e4sbart format f\u00f6r att enkelt kunna hanteras och \u00f6verf\u00f6ras.<\/p>\n<p><strong>R\u00e4tt att bli begr\u00e4nsad<\/strong> \u2013 du har r\u00e4tt att beg\u00e4ra att behandling av vissa personuppgifter begr\u00e4nsas.<\/p>\n<p><strong>R\u00e4tt att neka direktmarknadsf\u00f6ring<\/strong> \u2013 du kan n\u00e4rsomhelst kontakta oss f\u00f6r att tacka nej till direktmarknadsf\u00f6ring. Du kan ringa, maila eller klicka p\u00e5 l\u00e4nken \u201davregistrera\u201d i v\u00e5ra mailutskick f\u00f6r att neka e-postmarknadsf\u00f6ring.<br \/>\nF\u00f6r att beg\u00e4ra n\u00e5gon av ovanst\u00e5ende \u00e5tg\u00e4rd ber vi dig att kontakta oss p\u00e5 telefonnummer 0322-12700, maila info@sun-flex.com eller skicka ett brev till Sun-Flex, Tegelbruksv\u00e4gen 1, 517 91 Bollebygd.<\/p>\n<hr \/>\n<h2>Klagom\u00e5l<\/h2>\n<p>F\u00f6r att framf\u00f6ra ett klagom\u00e5l kring v\u00e5r hantering av personuppgifter kan du v\u00e4nda dig direkt till oss via ovan n\u00e4mnda kontaktkanaler eller kontakta Datainspektionen.<\/p>\n","protected":false},"excerpt":{"rendered":"Senaste uppdaterad: 2018-05-15 Introduktion Detta dokument f\u00f6rklarar hur vi samlar in, lagrar, skyddar och anv\u00e4nder personuppgifter. Med begreppet personuppgift syftar vi till upplysningar som direkt eller indirekt kan identifiera en fysisk person. Exempel p\u00e5 personuppgifter kan vara namn, adress, e-mailadress, telefonnummer och personnummer. Begreppet behandling syftar till allt det som personuppgifterna anv\u00e4nds f\u00f6r. Exempel p\u00e5&#8230; <a class=\"view-article\" href=\"https:\/\/www.sun-flex.com\/sv\/om-oss\/integritetspolicy\/\">Visa artikel<\/a>","protected":false},"author":4,"featured_media":0,"parent":607,"menu_order":25,"comment_status":"closed","ping_status":"closed","template":"","meta":{"_acf_changed":false,"_monsterinsights_skip_tracking":false,"_monsterinsights_sitenote_active":false,"_monsterinsights_sitenote_note":"","_monsterinsights_sitenote_category":0,"footnotes":""},"class_list":["post-2504","page","type-page","status-publish","hentry"],"acf":[],"_links":{"self":[{"href":"https:\/\/www.sun-flex.com\/sv\/wp-json\/wp\/v2\/pages\/2504","targetHints":{"allow":["GET"]}}],"collection":[{"href":"https:\/\/www.sun-flex.com\/sv\/wp-json\/wp\/v2\/pages"}],"about":[{"href":"https:\/\/www.sun-flex.com\/sv\/wp-json\/wp\/v2\/types\/page"}],"author":[{"embeddable":true,"href":"https:\/\/www.sun-flex.com\/sv\/wp-json\/wp\/v2\/users\/4"}],"replies":[{"embeddable":true,"href":"https:\/\/www.sun-flex.com\/sv\/wp-json\/wp\/v2\/comments?post=2504"}],"version-history":[{"count":4,"href":"https:\/\/www.sun-flex.com\/sv\/wp-json\/wp\/v2\/pages\/2504\/revisions"}],"predecessor-version":[{"id":3442,"href":"https:\/\/www.sun-flex.com\/sv\/wp-json\/wp\/v2\/pages\/2504\/revisions\/3442"}],"up":[{"embeddable":true,"href":"https:\/\/www.sun-flex.com\/sv\/wp-json\/wp\/v2\/pages\/607"}],"wp:attachment":[{"href":"https:\/\/www.sun-flex.com\/sv\/wp-json\/wp\/v2\/media?parent=2504"}],"curies":[{"name":"wp","href":"https:\/\/api.w.org\/{rel}","templated":true}]}}